{"id":3371,"date":"2022-09-06T01:53:01","date_gmt":"2022-09-06T01:53:01","guid":{"rendered":"https:\/\/productionbiscuit.com\/?page_id=3371"},"modified":"2022-09-14T12:34:40","modified_gmt":"2022-09-14T12:34:40","slug":"equipments","status":"publish","type":"page","link":"https:\/\/productionbiscuit.com\/pt\/equipamentos\/","title":{"rendered":"Equipamentos"},"content":{"rendered":"<div data-elementor-type=\"wp-page\" data-elementor-id=\"3371\" class=\"elementor elementor-3371\" data-elementor-post-type=\"page\">\n\t\t\t\t\t\t<section data-particle_enable=\"false\" data-particle-mobile-disabled=\"false\" class=\"elementor-section elementor-top-section elementor-element elementor-element-cd71a9c elementor-section-boxed elementor-section-height-default elementor-section-height-default\" data-id=\"cd71a9c\" data-element_type=\"section\">\n\t\t\t\t\t\t<div class=\"elementor-container elementor-column-gap-default\">\n\t\t\t\t\t<div class=\"elementor-column elementor-col-100 elementor-top-column elementor-element elementor-element-bca0cce\" data-id=\"bca0cce\" data-element_type=\"column\">\n\t\t\t<div class=\"elementor-widget-wrap elementor-element-populated\">\n\t\t\t\t\t\t<div class=\"elementor-element elementor-element-3c2691d elementor-widget elementor-widget-spacer\" data-id=\"3c2691d\" data-element_type=\"widget\" data-widget_type=\"spacer.default\">\n\t\t\t\t<div class=\"elementor-widget-container\">\n\t\t\t\t\t<div class=\"elementor-spacer\">\n\t\t\t<div class=\"elementor-spacer-inner\"><\/div>\n\t\t<\/div>\n\t\t\t\t<\/div>\n\t\t\t\t<\/div>\n\t\t\t\t\t<\/div>\n\t\t<\/div>\n\t\t\t\t\t<\/div>\n\t\t<\/section>\n\t\t\t\t<section data-particle_enable=\"false\" data-particle-mobile-disabled=\"false\" class=\"elementor-section elementor-top-section elementor-element elementor-element-13a31fe7 elementor-section-content-middle elementor-section-boxed elementor-section-height-default elementor-section-height-default\" data-id=\"13a31fe7\" data-element_type=\"section\" data-settings=\"{&quot;background_background&quot;:&quot;classic&quot;}\">\n\t\t\t\t\t\t\t<div class=\"elementor-background-overlay\"><\/div>\n\t\t\t\t\t\t\t<div class=\"elementor-container elementor-column-gap-no\">\n\t\t\t\t\t<div class=\"elementor-column elementor-col-66 elementor-top-column elementor-element elementor-element-7b3d8c88\" data-id=\"7b3d8c88\" data-element_type=\"column\">\n\t\t\t<div class=\"elementor-widget-wrap elementor-element-populated\">\n\t\t\t\t\t\t<div class=\"elementor-element elementor-element-3095e275 elementor-widget elementor-widget-heading\" data-id=\"3095e275\" data-element_type=\"widget\" data-widget_type=\"heading.default\">\n\t\t\t\t<div class=\"elementor-widget-container\">\n\t\t\t<h1 class=\"elementor-heading-title elementor-size-default\"><a href=\"https:\/\/productionbiscuit.com\/pt\/\">Tipos de equipamentos para fazer biscoitos<\/a><\/h1>\t\t<\/div>\n\t\t\t\t<\/div>\n\t\t\t\t<div class=\"elementor-element elementor-element-76c05e72 elementor-widget elementor-widget-text-editor\" data-id=\"76c05e72\" data-element_type=\"widget\" data-widget_type=\"text-editor.default\">\n\t\t\t\t<div class=\"elementor-widget-container\">\n\t\t\t\t\t\t\t<p>M\u00e1quinas para alimentos JUNYU, fabricante de m\u00e1quinas para confeitaria, m\u00e1quinas para biscoitos e m\u00e1quinas para biscoitos, \u00e9 um fabricante profissional de um conjunto completo de linhas de processamento de alimentos. Temos mais de 20 anos de experi\u00eancia na fabrica\u00e7\u00e3o de m\u00e1quinas de confeitaria.<\/p>\t\t\t\t\t\t<\/div>\n\t\t\t\t<\/div>\n\t\t\t\t\t<\/div>\n\t\t<\/div>\n\t\t\t\t<div class=\"elementor-column elementor-col-33 elementor-top-column elementor-element elementor-element-397e5732\" data-id=\"397e5732\" data-element_type=\"column\">\n\t\t\t<div class=\"elementor-widget-wrap elementor-element-populated\">\n\t\t\t\t\t\t<div class=\"elementor-element elementor-element-79ad0b08 elementor-align-right elementor-mobile-align-center elementor-widget elementor-widget-button\" data-id=\"79ad0b08\" data-element_type=\"widget\" data-widget_type=\"button.default\">\n\t\t\t\t<div class=\"elementor-widget-container\">\n\t\t\t\t\t<div class=\"elementor-button-wrapper\">\n\t\t\t<a class=\"elementor-button elementor-button-link elementor-size-sm\" href=\"#elementor-action%3Aaction%3Dpopup%3Aopen%26settings%3DeyJpZCI6IjQ5NiIsInRvZ2dsZSI6ZmFsc2V9\">\n\t\t\t\t\t\t<span class=\"elementor-button-content-wrapper\">\n\t\t\t\t\t\t\t\t\t<span class=\"elementor-button-text\">inqu\u00e9rito hoje<\/span>\n\t\t\t\t\t<\/span>\n\t\t\t\t\t<\/a>\n\t\t<\/div>\n\t\t\t\t<\/div>\n\t\t\t\t<\/div>\n\t\t\t\t\t<\/div>\n\t\t<\/div>\n\t\t\t\t\t<\/div>\n\t\t<\/section>\n\t\t\t\t<section data-particle_enable=\"false\" data-particle-mobile-disabled=\"false\" class=\"elementor-section elementor-top-section elementor-element elementor-element-b1c7201 elementor-section-boxed elementor-section-height-default elementor-section-height-default\" data-id=\"b1c7201\" data-element_type=\"section\">\n\t\t\t\t\t\t<div class=\"elementor-container elementor-column-gap-default\">\n\t\t\t\t\t<div class=\"elementor-column elementor-col-100 elementor-top-column elementor-element elementor-element-df50f0a\" data-id=\"df50f0a\" data-element_type=\"column\">\n\t\t\t<div class=\"elementor-widget-wrap elementor-element-populated\">\n\t\t\t\t\t\t<div class=\"elementor-element elementor-element-7a8aa98 elementor-widget elementor-widget-breadcrumbs\" data-id=\"7a8aa98\" data-element_type=\"widget\" data-widget_type=\"breadcrumbs.default\">\n\t\t\t\t<div class=\"elementor-widget-container\">\n\t\t\t<p id=\"breadcrumbs\"><span><span><a href=\"https:\/\/productionbiscuit.com\/pt\/\">Lar<\/a><\/span><\/span><\/p>\t\t<\/div>\n\t\t\t\t<\/div>\n\t\t\t\t\t<\/div>\n\t\t<\/div>\n\t\t\t\t\t<\/div>\n\t\t<\/section>\n\t\t\t\t<section data-particle_enable=\"false\" data-particle-mobile-disabled=\"false\" class=\"elementor-section elementor-top-section elementor-element elementor-element-efc9d34 elementor-section-boxed elementor-section-height-default elementor-section-height-default\" data-id=\"efc9d34\" data-element_type=\"section\">\n\t\t\t\t\t\t<div class=\"elementor-container elementor-column-gap-default\">\n\t\t\t\t\t<div class=\"elementor-column elementor-col-100 elementor-top-column elementor-element elementor-element-177bba9\" data-id=\"177bba9\" data-element_type=\"column\">\n\t\t\t<div class=\"elementor-widget-wrap elementor-element-populated\">\n\t\t\t\t\t\t\t<\/div>\n\t\t<\/div>\n\t\t\t\t\t<\/div>\n\t\t<\/section>\n\t\t\t\t<section data-particle_enable=\"false\" data-particle-mobile-disabled=\"false\" class=\"elementor-section elementor-top-section elementor-element elementor-element-f18aec3 elementor-section-boxed elementor-section-height-default elementor-section-height-default\" data-id=\"f18aec3\" data-element_type=\"section\">\n\t\t\t\t\t\t<div class=\"elementor-container elementor-column-gap-default\">\n\t\t\t\t\t<div class=\"elementor-column elementor-col-100 elementor-top-column elementor-element elementor-element-e1b5f36\" data-id=\"e1b5f36\" data-element_type=\"column\">\n\t\t\t<div class=\"elementor-widget-wrap elementor-element-populated\">\n\t\t\t\t\t\t\t<\/div>\n\t\t<\/div>\n\t\t\t\t\t<\/div>\n\t\t<\/section>\n\t\t\t\t<section data-particle_enable=\"false\" data-particle-mobile-disabled=\"false\" class=\"elementor-section elementor-top-section elementor-element elementor-element-a9d52a4 elementor-section-boxed elementor-section-height-default elementor-section-height-default\" data-id=\"a9d52a4\" data-element_type=\"section\">\n\t\t\t\t\t\t<div class=\"elementor-container elementor-column-gap-default\">\n\t\t\t\t\t<div class=\"elementor-column elementor-col-100 elementor-top-column elementor-element elementor-element-037da11\" data-id=\"037da11\" data-element_type=\"column\">\n\t\t\t<div class=\"elementor-widget-wrap elementor-element-populated\">\n\t\t\t\t\t\t\t<\/div>\n\t\t<\/div>\n\t\t\t\t\t<\/div>\n\t\t<\/section>\n\t\t\t\t<section data-particle_enable=\"false\" data-particle-mobile-disabled=\"false\" class=\"elementor-section elementor-top-section elementor-element elementor-element-29488d8 elementor-section-boxed elementor-section-height-default elementor-section-height-default\" data-id=\"29488d8\" data-element_type=\"section\">\n\t\t\t\t\t\t<div class=\"elementor-container elementor-column-gap-default\">\n\t\t\t\t\t<div class=\"elementor-column elementor-col-100 elementor-top-column elementor-element elementor-element-8efa15b\" data-id=\"8efa15b\" data-element_type=\"column\">\n\t\t\t<div class=\"elementor-widget-wrap elementor-element-populated\">\n\t\t\t\t\t\t\t<\/div>\n\t\t<\/div>\n\t\t\t\t\t<\/div>\n\t\t<\/section>\n\t\t\t\t<\/div>\n\t\t<!-- AddThis Advanced Settings generic via filter on the_content --><!-- AddThis Share Buttons generic via filter on the_content -->","protected":false},"excerpt":{"rendered":"<p>Tipos de equipamento para fazer biscoitos A JUNYU, fabricante de m\u00e1quinas para confeitaria, m\u00e1quinas para biscoitos e m\u00e1quinas para biscoitos, \u00e9 um fabricante profissional de um conjunto completo de linhas de processamento de alimentos. Temos mais de 20 anos de experi\u00eancia na fabrica\u00e7\u00e3o de m\u00e1quinas de confeitaria. inqu\u00e9rito hoje<!-- AddThis Advanced Settings generic via filter on get_the_excerpt --><!-- AddThis Share Buttons generic via filter on get_the_excerpt --><\/p>","protected":false},"author":1,"featured_media":0,"parent":0,"menu_order":0,"comment_status":"closed","ping_status":"closed","template":"","meta":{"site-sidebar-layout":"no-sidebar","site-content-layout":"page-builder","ast-site-content-layout":"default","site-content-style":"default","site-sidebar-style":"default","ast-global-header-display":"","ast-banner-title-visibility":"","ast-main-header-display":"","ast-hfb-above-header-display":"","ast-hfb-below-header-display":"","ast-hfb-mobile-header-display":"","site-post-title":"disabled","ast-breadcrumbs-content":"","ast-featured-img":"disabled","footer-sml-layout":"","ast-disable-related-posts":"","theme-transparent-header-meta":"","adv-header-id-meta":"","stick-header-meta":"","header-above-stick-meta":"","header-main-stick-meta":"","header-below-stick-meta":"","astra-migrate-meta-layouts":"default","ast-page-background-enabled":"default","ast-page-background-meta":{"desktop":{"background-color":"","background-image":"","background-repeat":"repeat","background-position":"center center","background-size":"auto","background-attachment":"scroll","background-type":"","background-media":"","overlay-type":"","overlay-color":"","overlay-opacity":"","overlay-gradient":""},"tablet":{"background-color":"","background-image":"","background-repeat":"repeat","background-position":"center center","background-size":"auto","background-attachment":"scroll","background-type":"","background-media":"","overlay-type":"","overlay-color":"","overlay-opacity":"","overlay-gradient":""},"mobile":{"background-color":"","background-image":"","background-repeat":"repeat","background-position":"center center","background-size":"auto","background-attachment":"scroll","background-type":"","background-media":"","overlay-type":"","overlay-color":"","overlay-opacity":"","overlay-gradient":""}},"ast-content-background-meta":{"desktop":{"background-color":"var(--ast-global-color-5)","background-image":"","background-repeat":"repeat","background-position":"center center","background-size":"auto","background-attachment":"scroll","background-type":"","background-media":"","overlay-type":"","overlay-color":"","overlay-opacity":"","overlay-gradient":""},"tablet":{"background-color":"var(--ast-global-color-5)","background-image":"","background-repeat":"repeat","background-position":"center center","background-size":"auto","background-attachment":"scroll","background-type":"","background-media":"","overlay-type":"","overlay-color":"","overlay-opacity":"","overlay-gradient":""},"mobile":{"background-color":"var(--ast-global-color-5)","background-image":"","background-repeat":"repeat","background-position":"center center","background-size":"auto","background-attachment":"scroll","background-type":"","background-media":"","overlay-type":"","overlay-color":"","overlay-opacity":"","overlay-gradient":""}},"footnotes":""},"class_list":["post-3371","page","type-page","status-publish","hentry"],"yoast_head":"<!-- This site is optimized with the Yoast SEO Premium plugin v22.5 (Yoast SEO v27.5) - https:\/\/yoast.com\/product\/yoast-seo-premium-wordpress\/ -->\n<title>Equipments - JunyuTec<\/title>\n<meta name=\"description\" content=\"Junyuan is one of the high-tech enterprise who specializes in providing the baking oven, baking equipment and baking machine.\" \/>\n<meta name=\"robots\" content=\"index, follow, max-snippet:-1, max-image-preview:large, max-video-preview:-1\" \/>\n<link rel=\"canonical\" href=\"https:\/\/productionbiscuit.com\/pt\/equipamentos\/\" \/>\n<meta property=\"og:locale\" content=\"pt_PT\" \/>\n<meta property=\"og:type\" content=\"article\" \/>\n<meta property=\"og:title\" content=\"Equipments\" \/>\n<meta property=\"og:description\" content=\"Junyuan is one of the high-tech enterprise who specializes in providing the baking oven, baking equipment and baking machine.\" \/>\n<meta property=\"og:url\" content=\"https:\/\/productionbiscuit.com\/pt\/equipamentos\/\" \/>\n<meta property=\"og:site_name\" content=\"JunyuTec\" \/>\n<meta property=\"article:modified_time\" content=\"2022-09-14T12:34:40+00:00\" \/>\n<meta name=\"twitter:card\" content=\"summary_large_image\" \/>\n<meta name=\"twitter:label1\" content=\"Tempo estimado de leitura\" \/>\n\t<meta name=\"twitter:data1\" content=\"1 minuto\" \/>\n<script type=\"application\/ld+json\" class=\"yoast-schema-graph\">{\"@context\":\"https:\\\/\\\/schema.org\",\"@graph\":[{\"@type\":\"WebPage\",\"@id\":\"https:\\\/\\\/productionbiscuit.com\\\/equipments\\\/\",\"url\":\"https:\\\/\\\/productionbiscuit.com\\\/equipments\\\/\",\"name\":\"Equipments - JunyuTec\",\"isPartOf\":{\"@id\":\"https:\\\/\\\/productionbiscuit.com\\\/#website\"},\"datePublished\":\"2022-09-06T01:53:01+00:00\",\"dateModified\":\"2022-09-14T12:34:40+00:00\",\"description\":\"Junyuan is one of the high-tech enterprise who specializes in providing the baking oven, baking equipment and baking machine.\",\"breadcrumb\":{\"@id\":\"https:\\\/\\\/productionbiscuit.com\\\/equipments\\\/#breadcrumb\"},\"inLanguage\":\"pt-PT\",\"potentialAction\":[{\"@type\":\"ReadAction\",\"target\":[\"https:\\\/\\\/productionbiscuit.com\\\/equipments\\\/\"]}]},{\"@type\":\"BreadcrumbList\",\"@id\":\"https:\\\/\\\/productionbiscuit.com\\\/equipments\\\/#breadcrumb\",\"itemListElement\":[{\"@type\":\"ListItem\",\"position\":1,\"name\":\"Home\",\"item\":\"https:\\\/\\\/productionbiscuit.com\\\/\"},{\"@type\":\"ListItem\",\"position\":2,\"name\":\"Equipments\"}]},{\"@type\":\"WebSite\",\"@id\":\"https:\\\/\\\/productionbiscuit.com\\\/#website\",\"url\":\"https:\\\/\\\/productionbiscuit.com\\\/\",\"name\":\"JunyuTec\",\"description\":\"Top Biscuit Machine Manufacturer in China\",\"publisher\":{\"@id\":\"https:\\\/\\\/productionbiscuit.com\\\/#organization\"},\"potentialAction\":[{\"@type\":\"SearchAction\",\"target\":{\"@type\":\"EntryPoint\",\"urlTemplate\":\"https:\\\/\\\/productionbiscuit.com\\\/?s={search_term_string}\"},\"query-input\":{\"@type\":\"PropertyValueSpecification\",\"valueRequired\":true,\"valueName\":\"search_term_string\"}}],\"inLanguage\":\"pt-PT\"},{\"@type\":\"Organization\",\"@id\":\"https:\\\/\\\/productionbiscuit.com\\\/#organization\",\"name\":\"JunyuTec\",\"url\":\"https:\\\/\\\/productionbiscuit.com\\\/\",\"logo\":{\"@type\":\"ImageObject\",\"inLanguage\":\"pt-PT\",\"@id\":\"https:\\\/\\\/productionbiscuit.com\\\/#\\\/schema\\\/logo\\\/image\\\/\",\"url\":\"https:\\\/\\\/productionbiscuit.com\\\/wp-content\\\/uploads\\\/2022\\\/08\\\/JUNYUTEC.png\",\"contentUrl\":\"https:\\\/\\\/productionbiscuit.com\\\/wp-content\\\/uploads\\\/2022\\\/08\\\/JUNYUTEC.png\",\"width\":134,\"height\":60,\"caption\":\"JunyuTec\"},\"image\":{\"@id\":\"https:\\\/\\\/productionbiscuit.com\\\/#\\\/schema\\\/logo\\\/image\\\/\"}}]}<\/script>\n<!-- \/ Yoast SEO Premium plugin. -->","yoast_head_json":{"title":"Equipamentos - JunyuTec","description":"Junyuan \u00e9 uma empresa de alta tecnologia especializada em fornecer forno de cozimento, equipamento de cozimento e m\u00e1quina de cozimento.","robots":{"index":"index","follow":"follow","max-snippet":"max-snippet:-1","max-image-preview":"max-image-preview:large","max-video-preview":"max-video-preview:-1"},"canonical":"https:\/\/productionbiscuit.com\/pt\/equipamentos\/","og_locale":"pt_PT","og_type":"article","og_title":"Equipments","og_description":"Junyuan is one of the high-tech enterprise who specializes in providing the baking oven, baking equipment and baking machine.","og_url":"https:\/\/productionbiscuit.com\/pt\/equipamentos\/","og_site_name":"JunyuTec","article_modified_time":"2022-09-14T12:34:40+00:00","twitter_card":"summary_large_image","twitter_misc":{"Tempo estimado de leitura":"1 minuto"},"schema":{"@context":"https:\/\/schema.org","@graph":[{"@type":"WebPage","@id":"https:\/\/productionbiscuit.com\/equipments\/","url":"https:\/\/productionbiscuit.com\/equipments\/","name":"Equipamentos - JunyuTec","isPartOf":{"@id":"https:\/\/productionbiscuit.com\/#website"},"datePublished":"2022-09-06T01:53:01+00:00","dateModified":"2022-09-14T12:34:40+00:00","description":"Junyuan \u00e9 uma empresa de alta tecnologia especializada em fornecer forno de cozimento, equipamento de cozimento e m\u00e1quina de cozimento.","breadcrumb":{"@id":"https:\/\/productionbiscuit.com\/equipments\/#breadcrumb"},"inLanguage":"pt-PT","potentialAction":[{"@type":"ReadAction","target":["https:\/\/productionbiscuit.com\/equipments\/"]}]},{"@type":"BreadcrumbList","@id":"https:\/\/productionbiscuit.com\/equipments\/#breadcrumb","itemListElement":[{"@type":"ListItem","position":1,"name":"Home","item":"https:\/\/productionbiscuit.com\/"},{"@type":"ListItem","position":2,"name":"Equipments"}]},{"@type":"WebSite","@id":"https:\/\/productionbiscuit.com\/#website","url":"https:\/\/productionbiscuit.com\/","name":"JunyuTec","description":"Principais Fabricantes de M\u00e1quinas de Biscoitos na China","publisher":{"@id":"https:\/\/productionbiscuit.com\/#organization"},"potentialAction":[{"@type":"SearchAction","target":{"@type":"EntryPoint","urlTemplate":"https:\/\/productionbiscuit.com\/?s={search_term_string}"},"query-input":{"@type":"PropertyValueSpecification","valueRequired":true,"valueName":"search_term_string"}}],"inLanguage":"pt-PT"},{"@type":"Organization","@id":"https:\/\/productionbiscuit.com\/#organization","name":"JunyuTec","url":"https:\/\/productionbiscuit.com\/","logo":{"@type":"ImageObject","inLanguage":"pt-PT","@id":"https:\/\/productionbiscuit.com\/#\/schema\/logo\/image\/","url":"https:\/\/productionbiscuit.com\/wp-content\/uploads\/2022\/08\/JUNYUTEC.png","contentUrl":"https:\/\/productionbiscuit.com\/wp-content\/uploads\/2022\/08\/JUNYUTEC.png","width":134,"height":60,"caption":"JunyuTec"},"image":{"@id":"https:\/\/productionbiscuit.com\/#\/schema\/logo\/image\/"}}]}},"_links":{"self":[{"href":"https:\/\/productionbiscuit.com\/pt\/wp-json\/wp\/v2\/pages\/3371","targetHints":{"allow":["GET"]}}],"collection":[{"href":"https:\/\/productionbiscuit.com\/pt\/wp-json\/wp\/v2\/pages"}],"about":[{"href":"https:\/\/productionbiscuit.com\/pt\/wp-json\/wp\/v2\/types\/page"}],"author":[{"embeddable":true,"href":"https:\/\/productionbiscuit.com\/pt\/wp-json\/wp\/v2\/users\/1"}],"replies":[{"embeddable":true,"href":"https:\/\/productionbiscuit.com\/pt\/wp-json\/wp\/v2\/comments?post=3371"}],"version-history":[{"count":0,"href":"https:\/\/productionbiscuit.com\/pt\/wp-json\/wp\/v2\/pages\/3371\/revisions"}],"wp:attachment":[{"href":"https:\/\/productionbiscuit.com\/pt\/wp-json\/wp\/v2\/media?parent=3371"}],"curies":[{"name":"wp","href":"https:\/\/api.w.org\/{rel}","templated":true}]}}