{"id":4168,"date":"2022-09-14T12:37:46","date_gmt":"2022-09-14T12:37:46","guid":{"rendered":"https:\/\/productionbiscuit.com\/?page_id=4168"},"modified":"2022-09-14T12:55:07","modified_gmt":"2022-09-14T12:55:07","slug":"blog","status":"publish","type":"page","link":"https:\/\/productionbiscuit.com\/pt\/blogue\/","title":{"rendered":"blog"},"content":{"rendered":"<div data-elementor-type=\"wp-page\" data-elementor-id=\"4168\" class=\"elementor elementor-4168\" data-elementor-post-type=\"page\">\n\t\t\t\t\t\t<section data-particle_enable=\"false\" data-particle-mobile-disabled=\"false\" class=\"elementor-section elementor-top-section elementor-element elementor-element-43202e7 elementor-section-boxed elementor-section-height-default elementor-section-height-default\" data-id=\"43202e7\" data-element_type=\"section\">\n\t\t\t\t\t\t<div class=\"elementor-container elementor-column-gap-default\">\n\t\t\t\t\t<div class=\"elementor-column elementor-col-100 elementor-top-column elementor-element elementor-element-9c2afed\" data-id=\"9c2afed\" data-element_type=\"column\">\n\t\t\t<div class=\"elementor-widget-wrap elementor-element-populated\">\n\t\t\t\t\t\t<div class=\"elementor-element elementor-element-41f2d1a elementor-widget elementor-widget-spacer\" data-id=\"41f2d1a\" data-element_type=\"widget\" data-widget_type=\"spacer.default\">\n\t\t\t\t<div class=\"elementor-widget-container\">\n\t\t\t\t\t<div class=\"elementor-spacer\">\n\t\t\t<div class=\"elementor-spacer-inner\"><\/div>\n\t\t<\/div>\n\t\t\t\t<\/div>\n\t\t\t\t<\/div>\n\t\t\t\t\t<\/div>\n\t\t<\/div>\n\t\t\t\t\t<\/div>\n\t\t<\/section>\n\t\t\t\t<section data-particle_enable=\"false\" data-particle-mobile-disabled=\"false\" class=\"elementor-section elementor-top-section elementor-element elementor-element-39dec57f elementor-section-height-min-height elementor-section-boxed elementor-section-height-default elementor-section-items-middle\" data-id=\"39dec57f\" data-element_type=\"section\" data-settings=\"{&quot;background_background&quot;:&quot;classic&quot;}\">\n\t\t\t\t\t\t<div class=\"elementor-container elementor-column-gap-default\">\n\t\t\t\t\t<div class=\"elementor-column elementor-col-100 elementor-top-column elementor-element elementor-element-2b230199\" data-id=\"2b230199\" data-element_type=\"column\">\n\t\t\t<div class=\"elementor-widget-wrap elementor-element-populated\">\n\t\t\t\t\t\t<div class=\"elementor-element elementor-element-a90e6bf elementor-widget elementor-widget-text-editor\" data-id=\"a90e6bf\" data-element_type=\"widget\" data-widget_type=\"text-editor.default\">\n\t\t\t\t<div class=\"elementor-widget-container\">\n\t\t\t\t\t\t\t<p>Nosso blog<\/p>\t\t\t\t\t\t<\/div>\n\t\t\t\t<\/div>\n\t\t\t\t<div class=\"elementor-element elementor-element-5ffb1f90 elementor-widget elementor-widget-heading\" data-id=\"5ffb1f90\" data-element_type=\"widget\" data-widget_type=\"heading.default\">\n\t\t\t\t<div class=\"elementor-widget-container\">\n\t\t\t<h1 class=\"elementor-heading-title elementor-size-default\"><a href=\"https:\/\/productionbiscuit.com\/pt\/\">Guia sobre m\u00e1quinas de biscoitos e m\u00e1quinas de biscoitos<\/a><\/h1>\t\t<\/div>\n\t\t\t\t<\/div>\n\t\t\t\t\t<\/div>\n\t\t<\/div>\n\t\t\t\t\t<\/div>\n\t\t<\/section>\n\t\t\t\t<section data-particle_enable=\"false\" data-particle-mobile-disabled=\"false\" class=\"elementor-section elementor-top-section elementor-element elementor-element-34052288 elementor-section-boxed elementor-section-height-default elementor-section-height-default\" data-id=\"34052288\" data-element_type=\"section\">\n\t\t\t\t\t\t<div class=\"elementor-container elementor-column-gap-default\">\n\t\t\t\t\t<div class=\"elementor-column elementor-col-100 elementor-top-column elementor-element elementor-element-38af9f75\" data-id=\"38af9f75\" data-element_type=\"column\">\n\t\t\t<div class=\"elementor-widget-wrap elementor-element-populated\">\n\t\t\t\t\t\t<div class=\"elementor-element elementor-element-4d91c73 elementor-grid-3 elementor-grid-tablet-2 elementor-grid-mobile-1 elementor-posts--thumbnail-top elementor-card-shadow-yes elementor-posts__hover-gradient elementor-widget elementor-widget-posts\" data-id=\"4d91c73\" data-element_type=\"widget\" data-settings=\"{&quot;pagination_type&quot;:&quot;numbers_and_prev_next&quot;,&quot;cards_columns&quot;:&quot;3&quot;,&quot;cards_columns_tablet&quot;:&quot;2&quot;,&quot;cards_columns_mobile&quot;:&quot;1&quot;,&quot;cards_row_gap&quot;:{&quot;unit&quot;:&quot;px&quot;,&quot;size&quot;:35,&quot;sizes&quot;:[]},&quot;cards_row_gap_tablet&quot;:{&quot;unit&quot;:&quot;px&quot;,&quot;size&quot;:&quot;&quot;,&quot;sizes&quot;:[]},&quot;cards_row_gap_mobile&quot;:{&quot;unit&quot;:&quot;px&quot;,&quot;size&quot;:&quot;&quot;,&quot;sizes&quot;:[]}}\" data-widget_type=\"posts.cards\">\n\t\t\t\t<div class=\"elementor-widget-container\">\n\t\t\t\t\t<div class=\"elementor-posts-container elementor-posts elementor-posts--skin-cards elementor-grid\">\n\t\t\t\t<article class=\"elementor-post elementor-grid-item post-5583 post type-post status-publish format-standard has-post-thumbnail hentry category-uncategorized\">\n\t\t\t<div class=\"elementor-post__card\">\n\t\t\t\t<a class=\"elementor-post__thumbnail__link\" href=\"https:\/\/productionbiscuit.com\/pt\/prevencao-e-gerenciamento-de-riscos-de-contaminacao-em-empresas-fabricantes-de-cookies\/\" tabindex=\"-1\" target=\"_blank\"><div class=\"elementor-post__thumbnail\"><img fetchpriority=\"high\" decoding=\"async\" width=\"600\" height=\"400\" src=\"https:\/\/productionbiscuit.com\/wp-content\/uploads\/2023\/01\/Biscuit-528.jpg\" class=\"attachment-full size-full wp-image-5537\" alt=\"\" srcset=\"https:\/\/productionbiscuit.com\/wp-content\/uploads\/2023\/01\/Biscuit-528.jpg 600w, https:\/\/productionbiscuit.com\/wp-content\/uploads\/2023\/01\/Biscuit-528-300x200.jpg 300w, https:\/\/productionbiscuit.com\/wp-content\/uploads\/2023\/01\/Biscuit-528-18x12.jpg 18w\" sizes=\"(max-width: 600px) 100vw, 600px\" \/><\/div><\/a>\n\t\t\t\t<div class=\"elementor-post__badge\">Blogs sobre a m\u00e1quina de fazer biscoitos<\/div>\n\t\t\t\t<div class=\"elementor-post__text\">\n\t\t\t\t<h3 class=\"elementor-post__title\">\n\t\t\t<a href=\"https:\/\/productionbiscuit.com\/pt\/prevencao-e-gerenciamento-de-riscos-de-contaminacao-em-empresas-fabricantes-de-cookies\/\" target=\"&quot;_blank&quot;\">\n\t\t\t\tPreven\u00e7\u00e3o e Gest\u00e3o de Riscos de Contamina\u00e7\u00e3o em Empresas Fabricantes de Biscoitos\t\t\t<\/a>\n\t\t<\/h3>\n\t\t\t\t\t<div class=\"elementor-post__read-more-wrapper\">\n\t\t\n\t\t<a class=\"elementor-post__read-more\" href=\"https:\/\/productionbiscuit.com\/pt\/prevencao-e-gerenciamento-de-riscos-de-contaminacao-em-empresas-fabricantes-de-cookies\/\" aria-label=\"Leia mais sobre Preven\u00e7\u00e3o e Gest\u00e3o de Riscos de Contamina\u00e7\u00e3o em Empresas de Fabrica\u00e7\u00e3o de Cookies\" tabindex=\"-1\" target=\"_blank\">\n\t\t\tConsulte Mais informa\u00e7\u00e3o &quot;\t\t<\/a>\n\n\t\t\t\t\t<\/div>\n\t\t\t\t<\/div>\n\t\t\t\t\t<\/div>\n\t\t<\/article>\n\t\t\t\t<article class=\"elementor-post elementor-grid-item post-5582 post type-post status-publish format-standard has-post-thumbnail hentry category-uncategorized\">\n\t\t\t<div class=\"elementor-post__card\">\n\t\t\t\t<a class=\"elementor-post__thumbnail__link\" href=\"https:\/\/productionbiscuit.com\/pt\/os-beneficios-da-terceirizacao-da-fabricacao-do-cookie-para-uma-empresa-experiente\/\" tabindex=\"-1\" target=\"_blank\"><div class=\"elementor-post__thumbnail\"><img decoding=\"async\" width=\"600\" height=\"400\" src=\"https:\/\/productionbiscuit.com\/wp-content\/uploads\/2023\/01\/Biscuit-541.jpg\" class=\"attachment-full size-full wp-image-5550\" alt=\"\" srcset=\"https:\/\/productionbiscuit.com\/wp-content\/uploads\/2023\/01\/Biscuit-541.jpg 600w, https:\/\/productionbiscuit.com\/wp-content\/uploads\/2023\/01\/Biscuit-541-300x200.jpg 300w, https:\/\/productionbiscuit.com\/wp-content\/uploads\/2023\/01\/Biscuit-541-18x12.jpg 18w\" sizes=\"(max-width: 600px) 100vw, 600px\" \/><\/div><\/a>\n\t\t\t\t<div class=\"elementor-post__badge\">Blogs sobre a m\u00e1quina de fazer biscoitos<\/div>\n\t\t\t\t<div class=\"elementor-post__text\">\n\t\t\t\t<h3 class=\"elementor-post__title\">\n\t\t\t<a href=\"https:\/\/productionbiscuit.com\/pt\/os-beneficios-da-terceirizacao-da-fabricacao-do-cookie-para-uma-empresa-experiente\/\" target=\"&quot;_blank&quot;\">\n\t\t\t\tOs benef\u00edcios de terceirizar sua fabrica\u00e7\u00e3o de cookies para uma empresa experiente\t\t\t<\/a>\n\t\t<\/h3>\n\t\t\t\t\t<div class=\"elementor-post__read-more-wrapper\">\n\t\t\n\t\t<a class=\"elementor-post__read-more\" href=\"https:\/\/productionbiscuit.com\/pt\/os-beneficios-da-terceirizacao-da-fabricacao-do-cookie-para-uma-empresa-experiente\/\" aria-label=\"Leia mais sobre os benef\u00edcios de terceirizar sua fabrica\u00e7\u00e3o de biscoitos para uma empresa experiente\" tabindex=\"-1\" target=\"_blank\">\n\t\t\tConsulte Mais informa\u00e7\u00e3o &quot;\t\t<\/a>\n\n\t\t\t\t\t<\/div>\n\t\t\t\t<\/div>\n\t\t\t\t\t<\/div>\n\t\t<\/article>\n\t\t\t\t<article class=\"elementor-post elementor-grid-item post-5581 post type-post status-publish format-standard has-post-thumbnail hentry category-uncategorized\">\n\t\t\t<div class=\"elementor-post__card\">\n\t\t\t\t<a class=\"elementor-post__thumbnail__link\" href=\"https:\/\/productionbiscuit.com\/pt\/um-guia-para-encontrar-as-empresas-fabricantes-de-cookies-mais-confiaveis\/\" tabindex=\"-1\" target=\"_blank\"><div class=\"elementor-post__thumbnail\"><img decoding=\"async\" width=\"600\" height=\"400\" src=\"https:\/\/productionbiscuit.com\/wp-content\/uploads\/2023\/01\/Biscuit-483.jpg\" class=\"attachment-full size-full wp-image-5492\" alt=\"Biscoito--483\" srcset=\"https:\/\/productionbiscuit.com\/wp-content\/uploads\/2023\/01\/Biscuit-483.jpg 600w, https:\/\/productionbiscuit.com\/wp-content\/uploads\/2023\/01\/Biscuit-483-300x200.jpg 300w, https:\/\/productionbiscuit.com\/wp-content\/uploads\/2023\/01\/Biscuit-483-18x12.jpg 18w\" sizes=\"(max-width: 600px) 100vw, 600px\" \/><\/div><\/a>\n\t\t\t\t<div class=\"elementor-post__badge\">Blogs sobre a m\u00e1quina de fazer biscoitos<\/div>\n\t\t\t\t<div class=\"elementor-post__text\">\n\t\t\t\t<h3 class=\"elementor-post__title\">\n\t\t\t<a href=\"https:\/\/productionbiscuit.com\/pt\/um-guia-para-encontrar-as-empresas-fabricantes-de-cookies-mais-confiaveis\/\" target=\"&quot;_blank&quot;\">\n\t\t\t\tUm guia para encontrar as empresas de fabrica\u00e7\u00e3o de cookies mais confi\u00e1veis\t\t\t<\/a>\n\t\t<\/h3>\n\t\t\t\t\t<div class=\"elementor-post__read-more-wrapper\">\n\t\t\n\t\t<a class=\"elementor-post__read-more\" href=\"https:\/\/productionbiscuit.com\/pt\/um-guia-para-encontrar-as-empresas-fabricantes-de-cookies-mais-confiaveis\/\" aria-label=\"Leia mais sobre Um guia para encontrar as empresas de fabrica\u00e7\u00e3o de cookies mais confi\u00e1veis\" tabindex=\"-1\" target=\"_blank\">\n\t\t\tConsulte Mais informa\u00e7\u00e3o &quot;\t\t<\/a>\n\n\t\t\t\t\t<\/div>\n\t\t\t\t<\/div>\n\t\t\t\t\t<\/div>\n\t\t<\/article>\n\t\t\t\t<article class=\"elementor-post elementor-grid-item post-5580 post type-post status-publish format-standard hentry category-uncategorized\">\n\t\t\t<div class=\"elementor-post__card\">\n\t\t\t\t<div class=\"elementor-post__text\">\n\t\t\t\t<h3 class=\"elementor-post__title\">\n\t\t\t<a href=\"https:\/\/productionbiscuit.com\/pt\/examinando-os-beneficios-de-custo-de-trabalhar-com-empresas-fabricantes-de-biscoitos\/\" target=\"&quot;_blank&quot;\">\n\t\t\t\tExaminando os benef\u00edcios de custo de trabalhar com empresas fabricantes de biscoitos\t\t\t<\/a>\n\t\t<\/h3>\n\t\t\t\t\t<div class=\"elementor-post__read-more-wrapper\">\n\t\t\n\t\t<a class=\"elementor-post__read-more\" href=\"https:\/\/productionbiscuit.com\/pt\/examinando-os-beneficios-de-custo-de-trabalhar-com-empresas-fabricantes-de-biscoitos\/\" aria-label=\"Leia mais sobre como examinar os benef\u00edcios de custo de trabalhar com empresas fabricantes de biscoitos\" tabindex=\"-1\" target=\"_blank\">\n\t\t\tConsulte Mais informa\u00e7\u00e3o &quot;\t\t<\/a>\n\n\t\t\t\t\t<\/div>\n\t\t\t\t<\/div>\n\t\t\t\t\t<\/div>\n\t\t<\/article>\n\t\t\t\t<article class=\"elementor-post elementor-grid-item post-5578 post type-post status-publish format-standard has-post-thumbnail hentry category-uncategorized\">\n\t\t\t<div class=\"elementor-post__card\">\n\t\t\t\t<a class=\"elementor-post__thumbnail__link\" href=\"https:\/\/productionbiscuit.com\/pt\/dicas-para-escolher-a-empresa-de-fabricacao-de-cookies-para-suas-necessidades\/\" tabindex=\"-1\" target=\"_blank\"><div class=\"elementor-post__thumbnail\"><img loading=\"lazy\" decoding=\"async\" width=\"600\" height=\"400\" src=\"https:\/\/productionbiscuit.com\/wp-content\/uploads\/2023\/01\/Biscuit-522.jpg\" class=\"attachment-full size-full wp-image-5531\" alt=\"Biscoito--522\" srcset=\"https:\/\/productionbiscuit.com\/wp-content\/uploads\/2023\/01\/Biscuit-522.jpg 600w, https:\/\/productionbiscuit.com\/wp-content\/uploads\/2023\/01\/Biscuit-522-300x200.jpg 300w, https:\/\/productionbiscuit.com\/wp-content\/uploads\/2023\/01\/Biscuit-522-18x12.jpg 18w\" sizes=\"(max-width: 600px) 100vw, 600px\" \/><\/div><\/a>\n\t\t\t\t<div class=\"elementor-post__badge\">Blogs sobre a m\u00e1quina de fazer biscoitos<\/div>\n\t\t\t\t<div class=\"elementor-post__text\">\n\t\t\t\t<h3 class=\"elementor-post__title\">\n\t\t\t<a href=\"https:\/\/productionbiscuit.com\/pt\/dicas-para-escolher-a-empresa-de-fabricacao-de-cookies-para-suas-necessidades\/\" target=\"&quot;_blank&quot;\">\n\t\t\t\tDicas para escolher a empresa de fabrica\u00e7\u00e3o de biscoitos certa para suas necessidades comerciais\t\t\t<\/a>\n\t\t<\/h3>\n\t\t\t\t\t<div class=\"elementor-post__read-more-wrapper\">\n\t\t\n\t\t<a class=\"elementor-post__read-more\" href=\"https:\/\/productionbiscuit.com\/pt\/dicas-para-escolher-a-empresa-de-fabricacao-de-cookies-para-suas-necessidades\/\" aria-label=\"Leia mais sobre Dicas para escolher a empresa de fabrica\u00e7\u00e3o de biscoitos certa para suas necessidades de neg\u00f3cios\" tabindex=\"-1\" target=\"_blank\">\n\t\t\tConsulte Mais informa\u00e7\u00e3o &quot;\t\t<\/a>\n\n\t\t\t\t\t<\/div>\n\t\t\t\t<\/div>\n\t\t\t\t\t<\/div>\n\t\t<\/article>\n\t\t\t\t<article class=\"elementor-post elementor-grid-item post-5554 post type-post status-publish format-standard has-post-thumbnail hentry category-uncategorized\">\n\t\t\t<div class=\"elementor-post__card\">\n\t\t\t\t<a class=\"elementor-post__thumbnail__link\" href=\"https:\/\/productionbiscuit.com\/pt\/como-comecar-um-negocio-de-fabricacao-de-cookies-um-guia-passo-a-passo\/\" tabindex=\"-1\" target=\"_blank\"><div class=\"elementor-post__thumbnail\"><img loading=\"lazy\" decoding=\"async\" width=\"600\" height=\"400\" src=\"https:\/\/productionbiscuit.com\/wp-content\/uploads\/2023\/01\/Biscuit-518.jpg\" class=\"attachment-full size-full wp-image-5527\" alt=\"\" srcset=\"https:\/\/productionbiscuit.com\/wp-content\/uploads\/2023\/01\/Biscuit-518.jpg 600w, https:\/\/productionbiscuit.com\/wp-content\/uploads\/2023\/01\/Biscuit-518-300x200.jpg 300w, https:\/\/productionbiscuit.com\/wp-content\/uploads\/2023\/01\/Biscuit-518-18x12.jpg 18w\" sizes=\"(max-width: 600px) 100vw, 600px\" \/><\/div><\/a>\n\t\t\t\t<div class=\"elementor-post__badge\">Blogs sobre a m\u00e1quina de fazer biscoitos<\/div>\n\t\t\t\t<div class=\"elementor-post__text\">\n\t\t\t\t<h3 class=\"elementor-post__title\">\n\t\t\t<a href=\"https:\/\/productionbiscuit.com\/pt\/como-comecar-um-negocio-de-fabricacao-de-cookies-um-guia-passo-a-passo\/\" target=\"&quot;_blank&quot;\">\n\t\t\t\tComo iniciar um neg\u00f3cio de fabrica\u00e7\u00e3o de biscoitos: um guia passo a passo\t\t\t<\/a>\n\t\t<\/h3>\n\t\t\t\t\t<div class=\"elementor-post__read-more-wrapper\">\n\t\t\n\t\t<a class=\"elementor-post__read-more\" href=\"https:\/\/productionbiscuit.com\/pt\/como-comecar-um-negocio-de-fabricacao-de-cookies-um-guia-passo-a-passo\/\" aria-label=\"Leia mais sobre Como iniciar um neg\u00f3cio de fabrica\u00e7\u00e3o de biscoitos: um guia passo a passo\" tabindex=\"-1\" target=\"_blank\">\n\t\t\tConsulte Mais informa\u00e7\u00e3o &quot;\t\t<\/a>\n\n\t\t\t\t\t<\/div>\n\t\t\t\t<\/div>\n\t\t\t\t\t<\/div>\n\t\t<\/article>\n\t\t\t\t<\/div>\n\t\t\n\t\t\t\t<div class=\"e-load-more-anchor\" data-page=\"1\" data-max-page=\"4\" data-next-page=\"https:\/\/productionbiscuit.com\/pt\/wp-json\/wp\/v2\/pages\/4168\/page\/2\/\"><\/div>\n\t\t\t\t<nav class=\"elementor-pagination\" aria-label=\"Pagina\u00e7\u00e3o\">\n\t\t\t<span class=\"page-numbers prev\">&quot; Anterior<\/span>\n<span aria-current=\"page\" class=\"page-numbers current\"><span class=\"elementor-screen-only\">P\u00e1gina<\/span>1<\/span>\n<a class=\"page-numbers\" href=\"https:\/\/productionbiscuit.com\/pt\/wp-json\/wp\/v2\/pages\/4168\/page\/2\/\"><span class=\"elementor-screen-only\">P\u00e1gina<\/span>2<\/a>\n<a class=\"page-numbers\" href=\"https:\/\/productionbiscuit.com\/pt\/wp-json\/wp\/v2\/pages\/4168\/page\/3\/\"><span class=\"elementor-screen-only\">P\u00e1gina<\/span>3<\/a>\n<a class=\"page-numbers\" href=\"https:\/\/productionbiscuit.com\/pt\/wp-json\/wp\/v2\/pages\/4168\/page\/4\/\"><span class=\"elementor-screen-only\">P\u00e1gina<\/span>4<\/a>\n<a class=\"page-numbers next\" href=\"https:\/\/productionbiscuit.com\/pt\/wp-json\/wp\/v2\/pages\/4168\/page\/2\/\">Pr\u00f3ximo &quot;<\/a>\t\t<\/nav>\n\t\t\t\t<\/div>\n\t\t\t\t<\/div>\n\t\t\t\t\t<\/div>\n\t\t<\/div>\n\t\t\t\t\t<\/div>\n\t\t<\/section>\n\t\t\t\t<\/div>\n\t\t<!-- AddThis Advanced Settings generic via filter on the_content --><!-- AddThis Share Buttons generic via filter on the_content -->","protected":false},"excerpt":{"rendered":"<p>Nosso guia de blog sobre m\u00e1quinas de biscoitos e m\u00e1quinas de biscoitos<!-- AddThis Advanced Settings generic via filter on get_the_excerpt --><!-- AddThis Share Buttons generic via filter on get_the_excerpt --><\/p>","protected":false},"author":1,"featured_media":0,"parent":0,"menu_order":0,"comment_status":"closed","ping_status":"closed","template":"","meta":{"site-sidebar-layout":"no-sidebar","site-content-layout":"page-builder","ast-site-content-layout":"default","site-content-style":"default","site-sidebar-style":"default","ast-global-header-display":"","ast-banner-title-visibility":"","ast-main-header-display":"","ast-hfb-above-header-display":"","ast-hfb-below-header-display":"","ast-hfb-mobile-header-display":"","site-post-title":"disabled","ast-breadcrumbs-content":"","ast-featured-img":"disabled","footer-sml-layout":"","ast-disable-related-posts":"","theme-transparent-header-meta":"","adv-header-id-meta":"","stick-header-meta":"","header-above-stick-meta":"","header-main-stick-meta":"","header-below-stick-meta":"","astra-migrate-meta-layouts":"default","ast-page-background-enabled":"default","ast-page-background-meta":{"desktop":{"background-color":"","background-image":"","background-repeat":"repeat","background-position":"center center","background-size":"auto","background-attachment":"scroll","background-type":"","background-media":"","overlay-type":"","overlay-color":"","overlay-opacity":"","overlay-gradient":""},"tablet":{"background-color":"","background-image":"","background-repeat":"repeat","background-position":"center center","background-size":"auto","background-attachment":"scroll","background-type":"","background-media":"","overlay-type":"","overlay-color":"","overlay-opacity":"","overlay-gradient":""},"mobile":{"background-color":"","background-image":"","background-repeat":"repeat","background-position":"center center","background-size":"auto","background-attachment":"scroll","background-type":"","background-media":"","overlay-type":"","overlay-color":"","overlay-opacity":"","overlay-gradient":""}},"ast-content-background-meta":{"desktop":{"background-color":"var(--ast-global-color-5)","background-image":"","background-repeat":"repeat","background-position":"center center","background-size":"auto","background-attachment":"scroll","background-type":"","background-media":"","overlay-type":"","overlay-color":"","overlay-opacity":"","overlay-gradient":""},"tablet":{"background-color":"var(--ast-global-color-5)","background-image":"","background-repeat":"repeat","background-position":"center center","background-size":"auto","background-attachment":"scroll","background-type":"","background-media":"","overlay-type":"","overlay-color":"","overlay-opacity":"","overlay-gradient":""},"mobile":{"background-color":"var(--ast-global-color-5)","background-image":"","background-repeat":"repeat","background-position":"center center","background-size":"auto","background-attachment":"scroll","background-type":"","background-media":"","overlay-type":"","overlay-color":"","overlay-opacity":"","overlay-gradient":""}},"footnotes":""},"class_list":["post-4168","page","type-page","status-publish","hentry"],"yoast_head":"<!-- This site is optimized with the Yoast SEO Premium plugin v22.5 (Yoast SEO v27.5) - https:\/\/yoast.com\/product\/yoast-seo-premium-wordpress\/ -->\n<title>Blog - JunyuTec<\/title>\n<meta name=\"description\" content=\"blog\" \/>\n<meta name=\"robots\" content=\"index, follow, max-snippet:-1, max-image-preview:large, max-video-preview:-1\" \/>\n<link rel=\"canonical\" href=\"https:\/\/productionbiscuit.com\/pt\/blogue\/\" \/>\n<meta property=\"og:locale\" content=\"pt_PT\" \/>\n<meta property=\"og:type\" content=\"article\" \/>\n<meta property=\"og:title\" content=\"Blog\" \/>\n<meta property=\"og:description\" content=\"blog\" \/>\n<meta property=\"og:url\" content=\"https:\/\/productionbiscuit.com\/pt\/blogue\/\" \/>\n<meta property=\"og:site_name\" content=\"JunyuTec\" \/>\n<meta property=\"article:modified_time\" content=\"2022-09-14T12:55:07+00:00\" \/>\n<meta name=\"twitter:card\" content=\"summary_large_image\" \/>\n<meta name=\"twitter:label1\" content=\"Tempo estimado de leitura\" \/>\n\t<meta name=\"twitter:data1\" content=\"1 minuto\" \/>\n<script type=\"application\/ld+json\" class=\"yoast-schema-graph\">{\"@context\":\"https:\\\/\\\/schema.org\",\"@graph\":[{\"@type\":\"WebPage\",\"@id\":\"https:\\\/\\\/productionbiscuit.com\\\/blog\\\/\",\"url\":\"https:\\\/\\\/productionbiscuit.com\\\/blog\\\/\",\"name\":\"Blog - JunyuTec\",\"isPartOf\":{\"@id\":\"https:\\\/\\\/productionbiscuit.com\\\/#website\"},\"datePublished\":\"2022-09-14T12:37:46+00:00\",\"dateModified\":\"2022-09-14T12:55:07+00:00\",\"description\":\"blog\",\"breadcrumb\":{\"@id\":\"https:\\\/\\\/productionbiscuit.com\\\/blog\\\/#breadcrumb\"},\"inLanguage\":\"pt-PT\",\"potentialAction\":[{\"@type\":\"ReadAction\",\"target\":[\"https:\\\/\\\/productionbiscuit.com\\\/blog\\\/\"]}]},{\"@type\":\"BreadcrumbList\",\"@id\":\"https:\\\/\\\/productionbiscuit.com\\\/blog\\\/#breadcrumb\",\"itemListElement\":[{\"@type\":\"ListItem\",\"position\":1,\"name\":\"Home\",\"item\":\"https:\\\/\\\/productionbiscuit.com\\\/\"},{\"@type\":\"ListItem\",\"position\":2,\"name\":\"Blog\"}]},{\"@type\":\"WebSite\",\"@id\":\"https:\\\/\\\/productionbiscuit.com\\\/#website\",\"url\":\"https:\\\/\\\/productionbiscuit.com\\\/\",\"name\":\"JunyuTec\",\"description\":\"Top Biscuit Machine Manufacturer in China\",\"publisher\":{\"@id\":\"https:\\\/\\\/productionbiscuit.com\\\/#organization\"},\"potentialAction\":[{\"@type\":\"SearchAction\",\"target\":{\"@type\":\"EntryPoint\",\"urlTemplate\":\"https:\\\/\\\/productionbiscuit.com\\\/?s={search_term_string}\"},\"query-input\":{\"@type\":\"PropertyValueSpecification\",\"valueRequired\":true,\"valueName\":\"search_term_string\"}}],\"inLanguage\":\"pt-PT\"},{\"@type\":\"Organization\",\"@id\":\"https:\\\/\\\/productionbiscuit.com\\\/#organization\",\"name\":\"JunyuTec\",\"url\":\"https:\\\/\\\/productionbiscuit.com\\\/\",\"logo\":{\"@type\":\"ImageObject\",\"inLanguage\":\"pt-PT\",\"@id\":\"https:\\\/\\\/productionbiscuit.com\\\/#\\\/schema\\\/logo\\\/image\\\/\",\"url\":\"https:\\\/\\\/productionbiscuit.com\\\/wp-content\\\/uploads\\\/2022\\\/08\\\/JUNYUTEC.png\",\"contentUrl\":\"https:\\\/\\\/productionbiscuit.com\\\/wp-content\\\/uploads\\\/2022\\\/08\\\/JUNYUTEC.png\",\"width\":134,\"height\":60,\"caption\":\"JunyuTec\"},\"image\":{\"@id\":\"https:\\\/\\\/productionbiscuit.com\\\/#\\\/schema\\\/logo\\\/image\\\/\"}}]}<\/script>\n<!-- \/ Yoast SEO Premium plugin. -->","yoast_head_json":{"title":"Blog - JunyuTec","description":"blogue","robots":{"index":"index","follow":"follow","max-snippet":"max-snippet:-1","max-image-preview":"max-image-preview:large","max-video-preview":"max-video-preview:-1"},"canonical":"https:\/\/productionbiscuit.com\/pt\/blogue\/","og_locale":"pt_PT","og_type":"article","og_title":"Blog","og_description":"blog","og_url":"https:\/\/productionbiscuit.com\/pt\/blogue\/","og_site_name":"JunyuTec","article_modified_time":"2022-09-14T12:55:07+00:00","twitter_card":"summary_large_image","twitter_misc":{"Tempo estimado de leitura":"1 minuto"},"schema":{"@context":"https:\/\/schema.org","@graph":[{"@type":"WebPage","@id":"https:\/\/productionbiscuit.com\/blog\/","url":"https:\/\/productionbiscuit.com\/blog\/","name":"Blog - JunyuTec","isPartOf":{"@id":"https:\/\/productionbiscuit.com\/#website"},"datePublished":"2022-09-14T12:37:46+00:00","dateModified":"2022-09-14T12:55:07+00:00","description":"blogue","breadcrumb":{"@id":"https:\/\/productionbiscuit.com\/blog\/#breadcrumb"},"inLanguage":"pt-PT","potentialAction":[{"@type":"ReadAction","target":["https:\/\/productionbiscuit.com\/blog\/"]}]},{"@type":"BreadcrumbList","@id":"https:\/\/productionbiscuit.com\/blog\/#breadcrumb","itemListElement":[{"@type":"ListItem","position":1,"name":"Home","item":"https:\/\/productionbiscuit.com\/"},{"@type":"ListItem","position":2,"name":"Blog"}]},{"@type":"WebSite","@id":"https:\/\/productionbiscuit.com\/#website","url":"https:\/\/productionbiscuit.com\/","name":"JunyuTec","description":"Principais Fabricantes de M\u00e1quinas de Biscoitos na China","publisher":{"@id":"https:\/\/productionbiscuit.com\/#organization"},"potentialAction":[{"@type":"SearchAction","target":{"@type":"EntryPoint","urlTemplate":"https:\/\/productionbiscuit.com\/?s={search_term_string}"},"query-input":{"@type":"PropertyValueSpecification","valueRequired":true,"valueName":"search_term_string"}}],"inLanguage":"pt-PT"},{"@type":"Organization","@id":"https:\/\/productionbiscuit.com\/#organization","name":"JunyuTec","url":"https:\/\/productionbiscuit.com\/","logo":{"@type":"ImageObject","inLanguage":"pt-PT","@id":"https:\/\/productionbiscuit.com\/#\/schema\/logo\/image\/","url":"https:\/\/productionbiscuit.com\/wp-content\/uploads\/2022\/08\/JUNYUTEC.png","contentUrl":"https:\/\/productionbiscuit.com\/wp-content\/uploads\/2022\/08\/JUNYUTEC.png","width":134,"height":60,"caption":"JunyuTec"},"image":{"@id":"https:\/\/productionbiscuit.com\/#\/schema\/logo\/image\/"}}]}},"_links":{"self":[{"href":"https:\/\/productionbiscuit.com\/pt\/wp-json\/wp\/v2\/pages\/4168","targetHints":{"allow":["GET"]}}],"collection":[{"href":"https:\/\/productionbiscuit.com\/pt\/wp-json\/wp\/v2\/pages"}],"about":[{"href":"https:\/\/productionbiscuit.com\/pt\/wp-json\/wp\/v2\/types\/page"}],"author":[{"embeddable":true,"href":"https:\/\/productionbiscuit.com\/pt\/wp-json\/wp\/v2\/users\/1"}],"replies":[{"embeddable":true,"href":"https:\/\/productionbiscuit.com\/pt\/wp-json\/wp\/v2\/comments?post=4168"}],"version-history":[{"count":0,"href":"https:\/\/productionbiscuit.com\/pt\/wp-json\/wp\/v2\/pages\/4168\/revisions"}],"wp:attachment":[{"href":"https:\/\/productionbiscuit.com\/pt\/wp-json\/wp\/v2\/media?parent=4168"}],"curies":[{"name":"wp","href":"https:\/\/api.w.org\/{rel}","templated":true}]}}